{"id":24,"date":"2023-05-09T21:30:08","date_gmt":"2023-05-10T00:30:08","guid":{"rendered":"https:\/\/ibavancar.com\/?page_id=24"},"modified":"2023-06-29T12:44:45","modified_gmt":"2023-06-29T15:44:45","slug":"nossa-historia","status":"publish","type":"page","link":"https:\/\/ibavancar.com\/index.php\/nossa-historia\/","title":{"rendered":"Nossa Hist\u00f3ria"},"content":{"rendered":"\t\t<div data-elementor-type=\"wp-page\" data-elementor-id=\"24\" class=\"elementor elementor-24\">\n\t\t\t\t\t\t\t<div class=\"elementor-element elementor-element-f4f1f43 e-con-boxed e-flex e-con\" data-id=\"f4f1f43\" data-element_type=\"container\" data-settings=\"{&quot;background_background&quot;:&quot;classic&quot;,&quot;content_width&quot;:&quot;boxed&quot;}\">\n\t\t\t\t\t<div class=\"e-con-inner\">\n\t\t\t\t<div class=\"elementor-element elementor-element-821e55b elementor-widget elementor-widget-heading\" data-id=\"821e55b\" data-element_type=\"widget\" data-widget_type=\"heading.default\">\n\t\t\t\t<div class=\"elementor-widget-container\">\n\t\t\t<style>\/*! elementor - v3.13.3 - 22-05-2023 *\/\n.elementor-heading-title{padding:0;margin:0;line-height:1}.elementor-widget-heading .elementor-heading-title[class*=elementor-size-]>a{color:inherit;font-size:inherit;line-height:inherit}.elementor-widget-heading .elementor-heading-title.elementor-size-small{font-size:15px}.elementor-widget-heading .elementor-heading-title.elementor-size-medium{font-size:19px}.elementor-widget-heading .elementor-heading-title.elementor-size-large{font-size:29px}.elementor-widget-heading .elementor-heading-title.elementor-size-xl{font-size:39px}.elementor-widget-heading .elementor-heading-title.elementor-size-xxl{font-size:59px}<\/style><h2 class=\"elementor-heading-title elementor-size-default\">NOSSA HIST\u00d3RIA<\/h2>\t\t<\/div>\n\t\t\t\t<\/div>\n\t\t\t\t<div class=\"elementor-element elementor-element-ad48cd9 elementor-widget-divider--separator-type-pattern elementor-widget-divider--view-line elementor-widget elementor-widget-divider\" data-id=\"ad48cd9\" data-element_type=\"widget\" data-widget_type=\"divider.default\">\n\t\t\t\t<div class=\"elementor-widget-container\">\n\t\t\t<style>\/*! elementor - v3.13.3 - 22-05-2023 *\/\n.elementor-widget-divider{--divider-border-style:none;--divider-border-width:1px;--divider-color:#0c0d0e;--divider-icon-size:20px;--divider-element-spacing:10px;--divider-pattern-height:24px;--divider-pattern-size:20px;--divider-pattern-url:none;--divider-pattern-repeat:repeat-x}.elementor-widget-divider .elementor-divider{display:flex}.elementor-widget-divider .elementor-divider__text{font-size:15px;line-height:1;max-width:95%}.elementor-widget-divider .elementor-divider__element{margin:0 var(--divider-element-spacing);flex-shrink:0}.elementor-widget-divider .elementor-icon{font-size:var(--divider-icon-size)}.elementor-widget-divider .elementor-divider-separator{display:flex;margin:0;direction:ltr}.elementor-widget-divider--view-line_icon .elementor-divider-separator,.elementor-widget-divider--view-line_text .elementor-divider-separator{align-items:center}.elementor-widget-divider--view-line_icon .elementor-divider-separator:after,.elementor-widget-divider--view-line_icon .elementor-divider-separator:before,.elementor-widget-divider--view-line_text .elementor-divider-separator:after,.elementor-widget-divider--view-line_text .elementor-divider-separator:before{display:block;content:\"\";border-bottom:0;flex-grow:1;border-top:var(--divider-border-width) var(--divider-border-style) var(--divider-color)}.elementor-widget-divider--element-align-left .elementor-divider .elementor-divider-separator>.elementor-divider__svg:first-of-type{flex-grow:0;flex-shrink:100}.elementor-widget-divider--element-align-left .elementor-divider-separator:before{content:none}.elementor-widget-divider--element-align-left .elementor-divider__element{margin-left:0}.elementor-widget-divider--element-align-right .elementor-divider .elementor-divider-separator>.elementor-divider__svg:last-of-type{flex-grow:0;flex-shrink:100}.elementor-widget-divider--element-align-right .elementor-divider-separator:after{content:none}.elementor-widget-divider--element-align-right .elementor-divider__element{margin-right:0}.elementor-widget-divider:not(.elementor-widget-divider--view-line_text):not(.elementor-widget-divider--view-line_icon) .elementor-divider-separator{border-top:var(--divider-border-width) var(--divider-border-style) var(--divider-color)}.elementor-widget-divider--separator-type-pattern{--divider-border-style:none}.elementor-widget-divider--separator-type-pattern.elementor-widget-divider--view-line .elementor-divider-separator,.elementor-widget-divider--separator-type-pattern:not(.elementor-widget-divider--view-line) .elementor-divider-separator:after,.elementor-widget-divider--separator-type-pattern:not(.elementor-widget-divider--view-line) .elementor-divider-separator:before,.elementor-widget-divider--separator-type-pattern:not([class*=elementor-widget-divider--view]) .elementor-divider-separator{width:100%;min-height:var(--divider-pattern-height);-webkit-mask-size:var(--divider-pattern-size) 100%;mask-size:var(--divider-pattern-size) 100%;-webkit-mask-repeat:var(--divider-pattern-repeat);mask-repeat:var(--divider-pattern-repeat);background-color:var(--divider-color);-webkit-mask-image:var(--divider-pattern-url);mask-image:var(--divider-pattern-url)}.elementor-widget-divider--no-spacing{--divider-pattern-size:auto}.elementor-widget-divider--bg-round{--divider-pattern-repeat:round}.rtl .elementor-widget-divider .elementor-divider__text{direction:rtl}.e-con-inner>.elementor-widget-divider,.e-con>.elementor-widget-divider{width:var(--container-widget-width,100%);--flex-grow:var(--container-widget-flex-grow)}<\/style>\t\t<div class=\"elementor-divider\" style=\"--divider-pattern-url: url(&quot;data:image\/svg+xml,%3Csvg xmlns=&#039;http:\/\/www.w3.org\/2000\/svg&#039; preserveAspectRatio=&#039;none&#039; overflow=&#039;visible&#039; height=&#039;100%&#039; viewBox=&#039;0 0 24 24&#039; fill=&#039;black&#039; stroke=&#039;none&#039;%3E%3Cpolygon points=&#039;9.4,2 24,2 14.6,21.6 0,21.6&#039;\/%3E%3C\/svg%3E&quot;);\">\n\t\t\t<span class=\"elementor-divider-separator\">\n\t\t\t\t\t\t<\/span>\n\t\t<\/div>\n\t\t\t\t<\/div>\n\t\t\t\t<\/div>\n\t\t\t\t\t<\/div>\n\t\t\t\t<\/div>\n\t\t<div class=\"elementor-element elementor-element-6789382 e-con-boxed e-flex e-con\" data-id=\"6789382\" data-element_type=\"container\" data-settings=\"{&quot;background_background&quot;:&quot;classic&quot;,&quot;content_width&quot;:&quot;boxed&quot;}\">\n\t\t\t\t\t<div class=\"e-con-inner\">\n\t\t<div class=\"elementor-element elementor-element-0e56b96 e-con-full e-flex e-con\" data-id=\"0e56b96\" data-element_type=\"container\" data-settings=\"{&quot;content_width&quot;:&quot;full&quot;,&quot;background_background&quot;:&quot;classic&quot;}\">\n\t\t\t\t<div class=\"elementor-element elementor-element-3941ced elementor-widget elementor-widget-heading\" data-id=\"3941ced\" data-element_type=\"widget\" data-widget_type=\"heading.default\">\n\t\t\t\t<div class=\"elementor-widget-container\">\n\t\t\t<h2 class=\"elementor-heading-title elementor-size-default\">IGREJA BATISTA AVAN\u00c7AR<\/h2>\t\t<\/div>\n\t\t\t\t<\/div>\n\t\t\t\t<div class=\"elementor-element elementor-element-9bc0be6 elementor-widget elementor-widget-text-editor\" data-id=\"9bc0be6\" data-element_type=\"widget\" data-widget_type=\"text-editor.default\">\n\t\t\t\t<div class=\"elementor-widget-container\">\n\t\t\t<style>\/*! elementor - v3.13.3 - 22-05-2023 *\/\n.elementor-widget-text-editor.elementor-drop-cap-view-stacked .elementor-drop-cap{background-color:#69727d;color:#fff}.elementor-widget-text-editor.elementor-drop-cap-view-framed .elementor-drop-cap{color:#69727d;border:3px solid;background-color:transparent}.elementor-widget-text-editor:not(.elementor-drop-cap-view-default) .elementor-drop-cap{margin-top:8px}.elementor-widget-text-editor:not(.elementor-drop-cap-view-default) .elementor-drop-cap-letter{width:1em;height:1em}.elementor-widget-text-editor .elementor-drop-cap{float:left;text-align:center;line-height:1;font-size:50px}.elementor-widget-text-editor .elementor-drop-cap-letter{display:inline-block}<\/style>\t\t\t\t<p class=\"tm10\">Nossa Igreja foi organizada em 09 de julho de 1983 pela Igreja Batista da Tabuleta com um n\u00famero de 59 membros sob a lideran\u00e7a do mission\u00e1rio norte americano pastor Gary Douglas Prosise. Nosso nome inicial era Primeira Igreja Batista no Conjunto Saci, mais conhecida como PIB Saci.<\/p><p class=\"tm13\">Nos primeiros 12 anos a Igreja foi pastoreada pelos pastores Gary Douglas, Marcos Machado, Jos\u00e9 Francisco e Pr. Edilson da Cruz. O Pr. Dion\u00edsio de Sousa iniciou um novo tempo junto a Igreja que perdurou por quase 13 anos desenvolvendo um aben\u00e7oado minist\u00e9rio que resultou no alcance de vidas para o Senhor. Neste per\u00edodo a Igreja conseguiu a posse de um terreno e logo inicia a constru\u00e7\u00e3o do pr\u00e9dio que seria a sede do Projeto Caminho Aberto. Todos estes l\u00edderes foram relevantes na vida de nossa Igreja.<\/p><p class=\"tm13\">Em 25 de junho de 2006 o casal, Pr. Vicente Barbosa de Sousa e Lourdes Sousa inicia um minist\u00e9rio ousado onde aos poucos foram desenvolvidas a\u00e7\u00f5es para que a Igreja fosse preparada no cumprimento eficaz de sua miss\u00e3o. Constru\u00e7\u00e3o de um novo Templo que hoje j\u00e1 est\u00e1 pequeno para o atual n\u00famero de membros. o Pr\u00e9dio do Projeto Caminho Aberto que al\u00e9m das a\u00e7\u00f5es sociais \u00e9 usado para outras a\u00e7\u00f5es da Igreja, est\u00e1 quase conclu\u00eddo. Os pr\u00e9dios das Congrega\u00e7\u00f5es foram constru\u00eddos e investimentos est\u00e3o sendo realizados em cada um deles.<\/p><p class=\"tm13\">Em 01 de agosto de 2012, <span class=\"tm14\">a <\/span>Igreja convida o Pr. Thiago Leal para juntar-se ao pastor Vicente no pastoreio da mesma. Hoje a equipe pastoral \u00e9 formada de quatro pastores, os pastores Jos\u00e9 Lima e Everaldo lideram nossas Congrega\u00e7\u00f5es no bairro Santa Luzia em Teresina-PI e na cidade de Matias Ol\u00edmpio.<\/p><p class=\"tm13\">Temos hoje uma lideran\u00e7a apaixonada por Jesus e por pessoas que s\u00e3o a raz\u00e3o do nosso sucesso em alcan\u00e7ar vidas para Cristo, aprenderam o que significa amar e cuidar atrav\u00e9s de um relacionamento saud\u00e1vel com Deus e com o pr\u00f3ximo.<\/p><p class=\"tm13\">O Pr. Vicente desenvolveu um minist\u00e9rio focado no sonho de uma Igreja mais acolhedora e com a vis\u00e3o de alcan\u00e7ar pessoas em toda a cidade. Formou e treinou uma lideran\u00e7a comprometida com a vis\u00e3o pastoral entendendo que o Senhor concede a vis\u00e3o ao seu servo para que a Igreja Batista Avan\u00e7ar seja uma igreja relevante e bem sucedida no cumprimento de sua miss\u00e3o. Com uma lideran\u00e7a comprometida inicia-se em 2014 uma transi\u00e7\u00e3o eficaz para a vis\u00e3o celular onde o foco \u00e9 que cada disc\u00edpulo torne-se um ministro.<\/p><p class=\"tm13\">A partir deste movimento a Igreja est\u00e1 consolidando o seu minist\u00e9rio atrav\u00e9s dos relacionamentos saud\u00e1veis nas c\u00e9lulas e usando estrat\u00e9gias de alcance de vidas atrav\u00e9s dos encontros que s\u00e3o chamados de Face a Face com Deus e paralelo aos encontros, a\u00e7\u00f5es s\u00e3o desenvolvidas para que cada pessoa possa ser alcan\u00e7ada e integrada na comunidade de f\u00e9.<\/p><p class=\"tm13\">O ensino foi repensado para que cada membro seja treinado para a vida e capacitado para o minist\u00e9rio crist\u00e3o. O resultado \u00e9 que a Igreja tem alcan\u00e7ado homens e mulheres das v\u00e1rias camadas da sociedade e ambos sendo unidos ao corpo de Cristo.<\/p><p class=\"tm13\">Temos como prop\u00f3sito ampliar nossa estrutura a curto, m\u00e9dio e longo prazo aplicando os princ\u00edpios e valores b\u00edblicos para que possamos ser uma Igreja acolhedora alcan\u00e7ando milhares de vidas em nossa cidade, Estado e at\u00e9 aos confins da terra.<\/p><p class=\"tm13\">Estamos sonhando e trabalhando para ter em breve um novo templo para que milhares de pessoas possam adorar ao Senhor. Tamb\u00e9m sonhamos com a constru\u00e7\u00e3o de um s\u00edtio para realizar nossos eventos e construir um local de acolhimento de pessoas em situa\u00e7\u00e3o vulner\u00e1vel para serem tratadas e reconduzidas \u00e0 sociedade como pessoas salvas e curadas.<\/p><p class=\"tm13\">Pretendemos adquirir um transporte para que seja usado nas nossas a\u00e7\u00f5es. Enfim, queremos continuar ousando em crescer para que mais e mais vidas sejam transformadas.<\/p><p class=\"tm13\">A Igreja adota a forma de governo congregacional democr\u00e1tica sendo uma Igreja aut\u00f4noma e local. Cooperamos e somos filiados \u00e0 Conven\u00e7\u00e3o Batista Brasileira \u2013 CBB e \u00e0 Conven\u00e7\u00e3o Batista Meio Norte do Brasil, para que junto a outras Igrejas locais possamos avan\u00e7ar na conquista do mundo.<\/p><p class=\"Normal\">\u00a0<\/p>\t\t\t\t\t\t<\/div>\n\t\t\t\t<\/div>\n\t\t\t\t<\/div>\n\t\t\t\t\t<\/div>\n\t\t\t\t<\/div>\n\t\t\t\t\t\t\t<\/div>\n\t\t","protected":false},"excerpt":{"rendered":"<p>NOSSA HIST\u00d3RIA IGREJA BATISTA AVAN\u00c7AR Nossa Igreja foi organizada em 09 de julho de 1983 pela Igreja Batista da Tabuleta com um n\u00famero de 59 membros sob a lideran\u00e7a do mission\u00e1rio norte americano pastor Gary Douglas Prosise. Nosso nome inicial era Primeira Igreja Batista no Conjunto Saci, mais conhecida como PIB Saci. Nos primeiros 12 [&hellip;]<\/p>\n","protected":false},"author":1,"featured_media":0,"parent":0,"menu_order":0,"comment_status":"closed","ping_status":"closed","template":"","meta":[],"bairros":[],"_links":{"self":[{"href":"https:\/\/ibavancar.com\/index.php\/wp-json\/wp\/v2\/pages\/24"}],"collection":[{"href":"https:\/\/ibavancar.com\/index.php\/wp-json\/wp\/v2\/pages"}],"about":[{"href":"https:\/\/ibavancar.com\/index.php\/wp-json\/wp\/v2\/types\/page"}],"author":[{"embeddable":true,"href":"https:\/\/ibavancar.com\/index.php\/wp-json\/wp\/v2\/users\/1"}],"replies":[{"embeddable":true,"href":"https:\/\/ibavancar.com\/index.php\/wp-json\/wp\/v2\/comments?post=24"}],"version-history":[{"count":91,"href":"https:\/\/ibavancar.com\/index.php\/wp-json\/wp\/v2\/pages\/24\/revisions"}],"predecessor-version":[{"id":2882,"href":"https:\/\/ibavancar.com\/index.php\/wp-json\/wp\/v2\/pages\/24\/revisions\/2882"}],"wp:attachment":[{"href":"https:\/\/ibavancar.com\/index.php\/wp-json\/wp\/v2\/media?parent=24"}],"wp:term":[{"taxonomy":"bairros","embeddable":true,"href":"https:\/\/ibavancar.com\/index.php\/wp-json\/wp\/v2\/bairros?post=24"}],"curies":[{"name":"wp","href":"https:\/\/api.w.org\/{rel}","templated":true}]}}