{"id":2603,"date":"2023-06-28T20:08:22","date_gmt":"2023-06-28T23:08:22","guid":{"rendered":"https:\/\/ibavancar.com\/?page_id=2603"},"modified":"2023-06-29T07:33:42","modified_gmt":"2023-06-29T10:33:42","slug":"homens","status":"publish","type":"page","link":"https:\/\/ibavancar.com\/index.php\/homens\/","title":{"rendered":"Homens"},"content":{"rendered":"\t\t<div data-elementor-type=\"wp-page\" data-elementor-id=\"2603\" class=\"elementor elementor-2603\">\n\t\t\t\t\t\t\t<div class=\"elementor-element elementor-element-d8bcb4e e-con-boxed e-flex e-con\" data-id=\"d8bcb4e\" data-element_type=\"container\" data-settings=\"{&quot;background_background&quot;:&quot;classic&quot;,&quot;content_width&quot;:&quot;boxed&quot;}\">\n\t\t\t\t\t<div class=\"e-con-inner\">\n\t\t<div class=\"elementor-element elementor-element-a11393d e-con-full e-flex e-con\" data-id=\"a11393d\" data-element_type=\"container\" data-settings=\"{&quot;content_width&quot;:&quot;full&quot;,&quot;background_background&quot;:&quot;classic&quot;}\">\n\t\t\t\t<div class=\"elementor-element elementor-element-ec76f07 elementor-widget elementor-widget-heading\" data-id=\"ec76f07\" data-element_type=\"widget\" data-widget_type=\"heading.default\">\n\t\t\t\t<div class=\"elementor-widget-container\">\n\t\t\t<style>\/*! elementor - v3.13.3 - 22-05-2023 *\/\n.elementor-heading-title{padding:0;margin:0;line-height:1}.elementor-widget-heading .elementor-heading-title[class*=elementor-size-]>a{color:inherit;font-size:inherit;line-height:inherit}.elementor-widget-heading .elementor-heading-title.elementor-size-small{font-size:15px}.elementor-widget-heading .elementor-heading-title.elementor-size-medium{font-size:19px}.elementor-widget-heading .elementor-heading-title.elementor-size-large{font-size:29px}.elementor-widget-heading .elementor-heading-title.elementor-size-xl{font-size:39px}.elementor-widget-heading .elementor-heading-title.elementor-size-xxl{font-size:59px}<\/style><h2 class=\"elementor-heading-title elementor-size-default\">MINIST\u00c9RIO DE HOMENS<\/h2>\t\t<\/div>\n\t\t\t\t<\/div>\n\t\t\t\t<div class=\"elementor-element elementor-element-a51d992 elementor-widget elementor-widget-text-editor\" data-id=\"a51d992\" data-element_type=\"widget\" data-widget_type=\"text-editor.default\">\n\t\t\t\t<div class=\"elementor-widget-container\">\n\t\t\t<style>\/*! elementor - v3.13.3 - 22-05-2023 *\/\n.elementor-widget-text-editor.elementor-drop-cap-view-stacked .elementor-drop-cap{background-color:#69727d;color:#fff}.elementor-widget-text-editor.elementor-drop-cap-view-framed .elementor-drop-cap{color:#69727d;border:3px solid;background-color:transparent}.elementor-widget-text-editor:not(.elementor-drop-cap-view-default) .elementor-drop-cap{margin-top:8px}.elementor-widget-text-editor:not(.elementor-drop-cap-view-default) .elementor-drop-cap-letter{width:1em;height:1em}.elementor-widget-text-editor .elementor-drop-cap{float:left;text-align:center;line-height:1;font-size:50px}.elementor-widget-text-editor .elementor-drop-cap-letter{display:inline-block}<\/style>\t\t\t\t<p class=\"tm7\">O <strong><span class=\"tm8\">Minist\u00e9rio de Homens da IBA<\/span><\/strong> trabalha com a vis\u00e3o de relacionamento e tem como objetivo principal fortalecer os homens espiritualmente e promover relacionamentos saud\u00e1veis entre eles, buscando criar um ambiente de comunh\u00e3o, encorajamento e apoio m\u00fatuo, visando o crescimento espiritual e o desenvolvimento integral dos homens na igreja.<\/p>\n<p class=\"tm7\"><strong><span class=\"tm8\">A\u00c7\u00d5ES:<\/span><\/strong><\/p>\n<p class=\"tm7\"><strong><span class=\"tm8\">Grupos de Discipulados:<\/span><\/strong> O Minist\u00e9rio de Homens promove grupos de discipulado atrav\u00e9s de suas c\u00e9lulas, nos quais os homens se re\u00fanem regularmente para compartilhar experi\u00eancias e aprender uns com os outros. Esses grupos oferecem uma oportunidade para o crescimento espiritual e o fortalecimento da f\u00e9.<\/p>\n<p class=\"tm7\"><strong><span class=\"tm8\">Encontros e eventos espec\u00edficos para homens:<\/span><\/strong> O minist\u00e9rio de homens organiza encontros e eventos espec\u00edficos para os homens da igreja, incluindo Confer\u00eancias, Face a Face, Culto de Homens, abordando temas relevantes para os homens, como paternidade, lideran\u00e7a, relacionamentos familiares e sa\u00fade emocional. Esses eventos proporcionam um ambiente prop\u00edcio para a comunh\u00e3o e o aprendizado m\u00fatuo.<\/p>\n<p class=\"tm7\"><strong><span class=\"tm8\">Discipulado:<\/span><\/strong> homens mais maduros na f\u00e9 s\u00e3o designados como discipuladores para acompanhar e orientar outros homens. Isso cria um ambiente de apoio e encorajamento espiritual, ajudando os homens a crescerem em sua caminhada com Deus e enfrentarem desafios espec\u00edficos que possam encontrar.<\/p>\n<p class=\"tm7\"><strong><span class=\"tm8\">Grupos de ora\u00e7\u00e3o:<\/span><\/strong> O minist\u00e9rio de homens tamb\u00e9m se re\u00fane para momentos de ora\u00e7\u00e3o para interceder uns pelos outros e fortalecer o v\u00ednculo de comunh\u00e3o e unidade entre os homens.<\/p>\n<p class=\"tm7\"><span class=\"tm11\">Se desejar aben\u00e7oar este minist\u00e9rio, voc\u00ea poder\u00e1 contribuir atrav\u00e9s de nossa chave PIX: <\/span><u><a href=\"mailto:mulheres@ibavancar.com\"><span class=\"tm11\">homens@ibavancar.com<\/span><\/a><\/u><\/p>\t\t\t\t\t\t<\/div>\n\t\t\t\t<\/div>\n\t\t\t\t<\/div>\n\t\t\t\t\t<\/div>\n\t\t\t\t<\/div>\n\t\t\t\t\t\t\t<\/div>\n\t\t","protected":false},"excerpt":{"rendered":"<p>MINIST\u00c9RIO DE HOMENS O Minist\u00e9rio de Homens da IBA trabalha com a vis\u00e3o de relacionamento e tem como objetivo principal fortalecer os homens espiritualmente e promover relacionamentos saud\u00e1veis entre eles, buscando criar um ambiente de comunh\u00e3o, encorajamento e apoio m\u00fatuo, visando o crescimento espiritual e o desenvolvimento integral dos homens na igreja. A\u00c7\u00d5ES: Grupos de [&hellip;]<\/p>\n","protected":false},"author":1,"featured_media":0,"parent":0,"menu_order":0,"comment_status":"closed","ping_status":"closed","template":"","meta":[],"bairros":[],"_links":{"self":[{"href":"https:\/\/ibavancar.com\/index.php\/wp-json\/wp\/v2\/pages\/2603"}],"collection":[{"href":"https:\/\/ibavancar.com\/index.php\/wp-json\/wp\/v2\/pages"}],"about":[{"href":"https:\/\/ibavancar.com\/index.php\/wp-json\/wp\/v2\/types\/page"}],"author":[{"embeddable":true,"href":"https:\/\/ibavancar.com\/index.php\/wp-json\/wp\/v2\/users\/1"}],"replies":[{"embeddable":true,"href":"https:\/\/ibavancar.com\/index.php\/wp-json\/wp\/v2\/comments?post=2603"}],"version-history":[{"count":10,"href":"https:\/\/ibavancar.com\/index.php\/wp-json\/wp\/v2\/pages\/2603\/revisions"}],"predecessor-version":[{"id":2682,"href":"https:\/\/ibavancar.com\/index.php\/wp-json\/wp\/v2\/pages\/2603\/revisions\/2682"}],"wp:attachment":[{"href":"https:\/\/ibavancar.com\/index.php\/wp-json\/wp\/v2\/media?parent=2603"}],"wp:term":[{"taxonomy":"bairros","embeddable":true,"href":"https:\/\/ibavancar.com\/index.php\/wp-json\/wp\/v2\/bairros?post=2603"}],"curies":[{"name":"wp","href":"https:\/\/api.w.org\/{rel}","templated":true}]}}