{"id":2630,"date":"2023-06-28T20:23:10","date_gmt":"2023-06-28T23:23:10","guid":{"rendered":"https:\/\/ibavancar.com\/?page_id=2630"},"modified":"2023-06-28T20:25:03","modified_gmt":"2023-06-28T23:25:03","slug":"acolher","status":"publish","type":"page","link":"https:\/\/ibavancar.com\/index.php\/acolher\/","title":{"rendered":"Acolher"},"content":{"rendered":"\t\t<div data-elementor-type=\"wp-page\" data-elementor-id=\"2630\" class=\"elementor elementor-2630\">\n\t\t\t\t\t\t\t<div class=\"elementor-element elementor-element-d8bcb4e e-con-boxed e-flex e-con\" data-id=\"d8bcb4e\" data-element_type=\"container\" data-settings=\"{&quot;background_background&quot;:&quot;classic&quot;,&quot;content_width&quot;:&quot;boxed&quot;}\">\n\t\t\t\t\t<div class=\"e-con-inner\">\n\t\t<div class=\"elementor-element elementor-element-a11393d e-con-full e-flex e-con\" data-id=\"a11393d\" data-element_type=\"container\" data-settings=\"{&quot;content_width&quot;:&quot;full&quot;,&quot;background_background&quot;:&quot;classic&quot;}\">\n\t\t\t\t<div class=\"elementor-element elementor-element-ec76f07 elementor-widget elementor-widget-heading\" data-id=\"ec76f07\" data-element_type=\"widget\" data-widget_type=\"heading.default\">\n\t\t\t\t<div class=\"elementor-widget-container\">\n\t\t\t<style>\/*! elementor - v3.13.3 - 22-05-2023 *\/\n.elementor-heading-title{padding:0;margin:0;line-height:1}.elementor-widget-heading .elementor-heading-title[class*=elementor-size-]>a{color:inherit;font-size:inherit;line-height:inherit}.elementor-widget-heading .elementor-heading-title.elementor-size-small{font-size:15px}.elementor-widget-heading .elementor-heading-title.elementor-size-medium{font-size:19px}.elementor-widget-heading .elementor-heading-title.elementor-size-large{font-size:29px}.elementor-widget-heading .elementor-heading-title.elementor-size-xl{font-size:39px}.elementor-widget-heading .elementor-heading-title.elementor-size-xxl{font-size:59px}<\/style><h2 class=\"elementor-heading-title elementor-size-default\">MINIST\u00c9RIO ACOLHER<\/h2>\t\t<\/div>\n\t\t\t\t<\/div>\n\t\t\t\t<div class=\"elementor-element elementor-element-a51d992 elementor-widget elementor-widget-text-editor\" data-id=\"a51d992\" data-element_type=\"widget\" data-widget_type=\"text-editor.default\">\n\t\t\t\t<div class=\"elementor-widget-container\">\n\t\t\t<style>\/*! elementor - v3.13.3 - 22-05-2023 *\/\n.elementor-widget-text-editor.elementor-drop-cap-view-stacked .elementor-drop-cap{background-color:#69727d;color:#fff}.elementor-widget-text-editor.elementor-drop-cap-view-framed .elementor-drop-cap{color:#69727d;border:3px solid;background-color:transparent}.elementor-widget-text-editor:not(.elementor-drop-cap-view-default) .elementor-drop-cap{margin-top:8px}.elementor-widget-text-editor:not(.elementor-drop-cap-view-default) .elementor-drop-cap-letter{width:1em;height:1em}.elementor-widget-text-editor .elementor-drop-cap{float:left;text-align:center;line-height:1;font-size:50px}.elementor-widget-text-editor .elementor-drop-cap-letter{display:inline-block}<\/style>\t\t\t\t<p class=\"tm6\">O <strong><span class=\"tm7\">Minist\u00e9rio do Acolher da IBA<\/span><\/strong> tem como objetivo principal receber, cuidar e integrar os membros e visitantes desempenhando um papel importante em criar um ambiente acolhedor, inclusivo e caloroso, demonstrando amor e cuidado com todas as pessoas que frequentam a igreja para que elas se sintam valorizadas e integrados \u00e0 nossa comunidade religiosa<\/p><p class=\"tm6\"><strong><span class=\"tm7\">ATRIBUI\u00c7\u00d5ES:<\/span><\/strong><\/p><p class=\"tm6\"><strong><span class=\"tm7\">Recep\u00e7\u00e3o e orienta\u00e7\u00e3o: <\/span><\/strong>Os membros do Minist\u00e9rio do Acolher s\u00e3o respons\u00e1veis por receber e orientar as pessoas que chegam \u00e0 igreja. Isso inclui cumprimentar os visitantes, fornecer informa\u00e7\u00f5es sobre os hor\u00e1rios dos cultos, localiza\u00e7\u00e3o de salas, atividades e minist\u00e9rios da igreja, bem como responder a quaisquer perguntas que possam surgir.<\/p><p class=\"tm6\"><strong><span class=\"tm7\">Integra\u00e7\u00e3o de novos membros: <\/span><\/strong>O Minist\u00e9rio tem a tarefa de auxiliar na integra\u00e7\u00e3o dos novos membros \u00e0 vida da igreja. Isso pode envolver a apresenta\u00e7\u00e3o dos novos membros \u00e0 lideran\u00e7a da igreja, explica\u00e7\u00e3o das oportunidades de envolvimento e minist\u00e9rios dispon\u00edveis, bem como o acompanhamento durante os primeiros meses de participa\u00e7\u00e3o.<\/p><p class=\"tm6\"><strong><span class=\"tm7\">Ministra\u00e7\u00e3o de apoio emocional e espiritual:<\/span><\/strong> O Minist\u00e9rio pode oferecer apoio emocional e espiritual aos membros da igreja que estejam passando por desafios ou momentos dif\u00edceis. Isso pode incluir aconselhamento, ora\u00e7\u00e3o, encorajamento e suporte espiritual, proporcionando um ambiente de confian\u00e7a e compaix\u00e3o.<\/p><p class=\"tm6\"><strong><span class=\"tm7\">Equipe de boas-vindas nos cultos: <\/span><\/strong>Durante os cultos, membros do Minist\u00e9rio do Acolher formam uma equipe de boas-vindas, recebendo as pessoas \u00e0 entrada da igreja, auxiliando na localiza\u00e7\u00e3o de assentos, distribuindo materiais informativos e estando dispon\u00edveis para esclarecer d\u00favidas e oferecer assist\u00eancia durante o culto.<\/p><p class=\"tm6\"><strong><span class=\"tm7\">Inclus\u00e3o de pessoas com necessidades especiais: <\/span><\/strong>O minist\u00e9rio se dedica a garantir que as pessoas com necessidades especiais sejam devidamente acolhidas e inclu\u00eddas na vida da igreja. Isso pode envolver a adapta\u00e7\u00e3o do ambiente f\u00edsico para acessibilidade, treinamento de volunt\u00e1rios para lidar com diferentes necessidades e o fornecimento de recursos e apoio adequados.<\/p>\t\t\t\t\t\t<\/div>\n\t\t\t\t<\/div>\n\t\t\t\t<\/div>\n\t\t\t\t\t<\/div>\n\t\t\t\t<\/div>\n\t\t\t\t\t\t\t<\/div>\n\t\t","protected":false},"excerpt":{"rendered":"<p>MINIST\u00c9RIO ACOLHER O Minist\u00e9rio do Acolher da IBA tem como objetivo principal receber, cuidar e integrar os membros e visitantes desempenhando um papel importante em criar um ambiente acolhedor, inclusivo e caloroso, demonstrando amor e cuidado com todas as pessoas que frequentam a igreja para que elas se sintam valorizadas e integrados \u00e0 nossa comunidade [&hellip;]<\/p>\n","protected":false},"author":1,"featured_media":0,"parent":0,"menu_order":0,"comment_status":"closed","ping_status":"closed","template":"","meta":[],"bairros":[],"_links":{"self":[{"href":"https:\/\/ibavancar.com\/index.php\/wp-json\/wp\/v2\/pages\/2630"}],"collection":[{"href":"https:\/\/ibavancar.com\/index.php\/wp-json\/wp\/v2\/pages"}],"about":[{"href":"https:\/\/ibavancar.com\/index.php\/wp-json\/wp\/v2\/types\/page"}],"author":[{"embeddable":true,"href":"https:\/\/ibavancar.com\/index.php\/wp-json\/wp\/v2\/users\/1"}],"replies":[{"embeddable":true,"href":"https:\/\/ibavancar.com\/index.php\/wp-json\/wp\/v2\/comments?post=2630"}],"version-history":[{"count":4,"href":"https:\/\/ibavancar.com\/index.php\/wp-json\/wp\/v2\/pages\/2630\/revisions"}],"predecessor-version":[{"id":2634,"href":"https:\/\/ibavancar.com\/index.php\/wp-json\/wp\/v2\/pages\/2630\/revisions\/2634"}],"wp:attachment":[{"href":"https:\/\/ibavancar.com\/index.php\/wp-json\/wp\/v2\/media?parent=2630"}],"wp:term":[{"taxonomy":"bairros","embeddable":true,"href":"https:\/\/ibavancar.com\/index.php\/wp-json\/wp\/v2\/bairros?post=2630"}],"curies":[{"name":"wp","href":"https:\/\/api.w.org\/{rel}","templated":true}]}}