{"id":2636,"date":"2023-06-28T20:26:41","date_gmt":"2023-06-28T23:26:41","guid":{"rendered":"https:\/\/ibavancar.com\/?page_id=2636"},"modified":"2023-06-28T20:28:03","modified_gmt":"2023-06-28T23:28:03","slug":"louvor-e-adoracao","status":"publish","type":"page","link":"https:\/\/ibavancar.com\/index.php\/louvor-e-adoracao\/","title":{"rendered":"Louvor e Adora\u00e7\u00e3o"},"content":{"rendered":"\t\t<div data-elementor-type=\"wp-page\" data-elementor-id=\"2636\" class=\"elementor elementor-2636\">\n\t\t\t\t\t\t\t<div class=\"elementor-element elementor-element-d8bcb4e e-con-boxed e-flex e-con\" data-id=\"d8bcb4e\" data-element_type=\"container\" data-settings=\"{&quot;background_background&quot;:&quot;classic&quot;,&quot;content_width&quot;:&quot;boxed&quot;}\">\n\t\t\t\t\t<div class=\"e-con-inner\">\n\t\t<div class=\"elementor-element elementor-element-a11393d e-con-full e-flex e-con\" data-id=\"a11393d\" data-element_type=\"container\" data-settings=\"{&quot;content_width&quot;:&quot;full&quot;,&quot;background_background&quot;:&quot;classic&quot;}\">\n\t\t\t\t<div class=\"elementor-element elementor-element-ec76f07 elementor-widget elementor-widget-heading\" data-id=\"ec76f07\" data-element_type=\"widget\" data-widget_type=\"heading.default\">\n\t\t\t\t<div class=\"elementor-widget-container\">\n\t\t\t<style>\/*! elementor - v3.13.3 - 22-05-2023 *\/\n.elementor-heading-title{padding:0;margin:0;line-height:1}.elementor-widget-heading .elementor-heading-title[class*=elementor-size-]>a{color:inherit;font-size:inherit;line-height:inherit}.elementor-widget-heading .elementor-heading-title.elementor-size-small{font-size:15px}.elementor-widget-heading .elementor-heading-title.elementor-size-medium{font-size:19px}.elementor-widget-heading .elementor-heading-title.elementor-size-large{font-size:29px}.elementor-widget-heading .elementor-heading-title.elementor-size-xl{font-size:39px}.elementor-widget-heading .elementor-heading-title.elementor-size-xxl{font-size:59px}<\/style><h2 class=\"elementor-heading-title elementor-size-default\">MINIST\u00c9RIO DE LOUVOR E ADORA\u00c7\u00c3O<\/h2>\t\t<\/div>\n\t\t\t\t<\/div>\n\t\t\t\t<div class=\"elementor-element elementor-element-a51d992 elementor-widget elementor-widget-text-editor\" data-id=\"a51d992\" data-element_type=\"widget\" data-widget_type=\"text-editor.default\">\n\t\t\t\t<div class=\"elementor-widget-container\">\n\t\t\t<style>\/*! elementor - v3.13.3 - 22-05-2023 *\/\n.elementor-widget-text-editor.elementor-drop-cap-view-stacked .elementor-drop-cap{background-color:#69727d;color:#fff}.elementor-widget-text-editor.elementor-drop-cap-view-framed .elementor-drop-cap{color:#69727d;border:3px solid;background-color:transparent}.elementor-widget-text-editor:not(.elementor-drop-cap-view-default) .elementor-drop-cap{margin-top:8px}.elementor-widget-text-editor:not(.elementor-drop-cap-view-default) .elementor-drop-cap-letter{width:1em;height:1em}.elementor-widget-text-editor .elementor-drop-cap{float:left;text-align:center;line-height:1;font-size:50px}.elementor-widget-text-editor .elementor-drop-cap-letter{display:inline-block}<\/style>\t\t\t\t<p class=\"tm6\">O <strong><span class=\"tm7\">Minist\u00e9rio de Louvor e Adora\u00e7\u00e3o da IBA<\/span><\/strong> tem como objetivo principal facilitar a adora\u00e7\u00e3o a Deus por meio da m\u00fasica e da express\u00e3o de louvor, buscando criar um ambiente prop\u00edcio para a congrega\u00e7\u00e3o se conectar com Deus e render-lhe honra e gl\u00f3ria, levando a congrega\u00e7\u00e3o a ter uma experi\u00eancia significativa de adora\u00e7\u00e3o e encontro com Deus por meio da m\u00fasica.<\/p><p class=\"tm6\"><strong><span class=\"tm7\">A\u00c7\u00d5ES:<\/span><\/strong><\/p><p class=\"tm6\"><strong><span class=\"tm7\">Sele\u00e7\u00e3o de m\u00fasicas: <\/span><\/strong>O minist\u00e9rio de louvor e adora\u00e7\u00e3o escolhe as m\u00fasicas que ser\u00e3o cantadas nos cultos, levando em considera\u00e7\u00e3o a mensagem, a tem\u00e1tica e o prop\u00f3sito do servi\u00e7o religioso. Eles buscam selecionar can\u00e7\u00f5es que possibilitem a express\u00e3o do louvor e da adora\u00e7\u00e3o de forma significativa.<\/p><p class=\"tm6\"><strong><span class=\"tm7\">Treinamento e desenvolvimento:<\/span><\/strong> Esse minist\u00e9rio pode oferecer treinamento e desenvolvimento para os m\u00fasicos e vocalistas da igreja. Isso inclui aulas de t\u00e9cnica vocal, aulas de instrumentos musicais e orienta\u00e7\u00f5es para aprimorar as habilidades musicais e lideran\u00e7a de adora\u00e7\u00e3o.<\/p><p class=\"tm6\"><strong><span class=\"tm7\">Ministra\u00e7\u00e3o prof\u00e9tica:<\/span><\/strong> Em algumas situa\u00e7\u00f5es, o minist\u00e9rio de louvor e adora\u00e7\u00e3o pode incluir momentos de ministra\u00e7\u00e3o prof\u00e9tica por meio da m\u00fasica. Isso envolve buscar a dire\u00e7\u00e3o do Esp\u00edrito Santo durante a adora\u00e7\u00e3o, transmitindo mensagens ou palavras de encorajamento, exorta\u00e7\u00e3o ou consolo atrav\u00e9s das letras e melodias das m\u00fasicas.<\/p><p class=\"tm6\"><strong><span class=\"tm7\">Eventos especiais:<\/span><\/strong> Al\u00e9m dos cultos regulares, o minist\u00e9rio de louvor e adora\u00e7\u00e3o pode participar da organiza\u00e7\u00e3o e condu\u00e7\u00e3o de eventos especiais, como confer\u00eancias, retiros ou concertos de adora\u00e7\u00e3o. Esses eventos oferecem oportunidades \u00fanicas para a congrega\u00e7\u00e3o vivenciar momentos intensos de louvor e adora\u00e7\u00e3o.<\/p>\t\t\t\t\t\t<\/div>\n\t\t\t\t<\/div>\n\t\t\t\t<\/div>\n\t\t\t\t\t<\/div>\n\t\t\t\t<\/div>\n\t\t\t\t\t\t\t<\/div>\n\t\t","protected":false},"excerpt":{"rendered":"<p>MINIST\u00c9RIO DE LOUVOR E ADORA\u00c7\u00c3O O Minist\u00e9rio de Louvor e Adora\u00e7\u00e3o da IBA tem como objetivo principal facilitar a adora\u00e7\u00e3o a Deus por meio da m\u00fasica e da express\u00e3o de louvor, buscando criar um ambiente prop\u00edcio para a congrega\u00e7\u00e3o se conectar com Deus e render-lhe honra e gl\u00f3ria, levando a congrega\u00e7\u00e3o a ter uma experi\u00eancia [&hellip;]<\/p>\n","protected":false},"author":1,"featured_media":0,"parent":0,"menu_order":0,"comment_status":"closed","ping_status":"closed","template":"","meta":[],"bairros":[],"_links":{"self":[{"href":"https:\/\/ibavancar.com\/index.php\/wp-json\/wp\/v2\/pages\/2636"}],"collection":[{"href":"https:\/\/ibavancar.com\/index.php\/wp-json\/wp\/v2\/pages"}],"about":[{"href":"https:\/\/ibavancar.com\/index.php\/wp-json\/wp\/v2\/types\/page"}],"author":[{"embeddable":true,"href":"https:\/\/ibavancar.com\/index.php\/wp-json\/wp\/v2\/users\/1"}],"replies":[{"embeddable":true,"href":"https:\/\/ibavancar.com\/index.php\/wp-json\/wp\/v2\/comments?post=2636"}],"version-history":[{"count":4,"href":"https:\/\/ibavancar.com\/index.php\/wp-json\/wp\/v2\/pages\/2636\/revisions"}],"predecessor-version":[{"id":2640,"href":"https:\/\/ibavancar.com\/index.php\/wp-json\/wp\/v2\/pages\/2636\/revisions\/2640"}],"wp:attachment":[{"href":"https:\/\/ibavancar.com\/index.php\/wp-json\/wp\/v2\/media?parent=2636"}],"wp:term":[{"taxonomy":"bairros","embeddable":true,"href":"https:\/\/ibavancar.com\/index.php\/wp-json\/wp\/v2\/bairros?post=2636"}],"curies":[{"name":"wp","href":"https:\/\/api.w.org\/{rel}","templated":true}]}}