{"id":3011,"date":"2023-06-29T19:42:43","date_gmt":"2023-06-29T22:42:43","guid":{"rendered":"https:\/\/ibavancar.com\/?page_id=3011"},"modified":"2023-07-18T15:04:37","modified_gmt":"2023-07-18T18:04:37","slug":"aulas-de-reforco","status":"publish","type":"page","link":"https:\/\/ibavancar.com\/index.php\/aulas-de-reforco\/","title":{"rendered":"Aulas de Refor\u00e7o"},"content":{"rendered":"\t\t<div data-elementor-type=\"wp-page\" data-elementor-id=\"3011\" class=\"elementor elementor-3011\">\n\t\t\t\t\t\t\t<div class=\"elementor-element elementor-element-51ba591 e-con-full e-flex e-con\" data-id=\"51ba591\" data-element_type=\"container\" data-settings=\"{&quot;content_width&quot;:&quot;full&quot;}\">\n\t\t\t\t<\/div>\n\t\t<div class=\"elementor-element elementor-element-59e6251 e-con-full e-flex e-con\" data-id=\"59e6251\" data-element_type=\"container\" data-settings=\"{&quot;content_width&quot;:&quot;full&quot;}\">\n\t\t<div class=\"elementor-element elementor-element-12273aa e-con-full e-flex e-con\" data-id=\"12273aa\" data-element_type=\"container\" data-settings=\"{&quot;content_width&quot;:&quot;full&quot;}\">\n\t\t\t\t<div class=\"elementor-element elementor-element-d82a401 elementor-widget elementor-widget-image\" data-id=\"d82a401\" data-element_type=\"widget\" data-widget_type=\"image.default\">\n\t\t\t\t<div class=\"elementor-widget-container\">\n\t\t\t<style>\/*! elementor - v3.13.3 - 22-05-2023 *\/\n.elementor-widget-image{text-align:center}.elementor-widget-image a{display:inline-block}.elementor-widget-image a img[src$=\".svg\"]{width:48px}.elementor-widget-image img{vertical-align:middle;display:inline-block}<\/style>\t\t\t\t\t\t\t\t\t\t\t\t<img decoding=\"async\" width=\"1145\" height=\"1600\" src=\"https:\/\/ibavancar.com\/wp-content\/uploads\/2023\/06\/WhatsApp-Image-2023-06-29-at-19.16.22.jpeg\" class=\"attachment-full size-full wp-image-2995\" alt=\"\" loading=\"lazy\" srcset=\"https:\/\/ibavancar.com\/wp-content\/uploads\/2023\/06\/WhatsApp-Image-2023-06-29-at-19.16.22.jpeg 1145w, https:\/\/ibavancar.com\/wp-content\/uploads\/2023\/06\/WhatsApp-Image-2023-06-29-at-19.16.22-215x300.jpeg 215w, https:\/\/ibavancar.com\/wp-content\/uploads\/2023\/06\/WhatsApp-Image-2023-06-29-at-19.16.22-733x1024.jpeg 733w, https:\/\/ibavancar.com\/wp-content\/uploads\/2023\/06\/WhatsApp-Image-2023-06-29-at-19.16.22-768x1073.jpeg 768w, https:\/\/ibavancar.com\/wp-content\/uploads\/2023\/06\/WhatsApp-Image-2023-06-29-at-19.16.22-1099x1536.jpeg 1099w, https:\/\/ibavancar.com\/wp-content\/uploads\/2023\/06\/WhatsApp-Image-2023-06-29-at-19.16.22-200x279.jpeg 200w\" sizes=\"(max-width: 1145px) 100vw, 1145px\" \/>\t\t\t\t\t\t\t\t\t\t\t\t\t\t\t<\/div>\n\t\t\t\t<\/div>\n\t\t\t\t<\/div>\n\t\t\t\t<div class=\"elementor-element elementor-element-5742c58 elementor-widget-divider--separator-type-pattern elementor-widget-divider--no-spacing elementor-widget-divider--view-line elementor-widget elementor-widget-divider\" data-id=\"5742c58\" data-element_type=\"widget\" data-widget_type=\"divider.default\">\n\t\t\t\t<div class=\"elementor-widget-container\">\n\t\t\t<style>\/*! elementor - v3.13.3 - 22-05-2023 *\/\n.elementor-widget-divider{--divider-border-style:none;--divider-border-width:1px;--divider-color:#0c0d0e;--divider-icon-size:20px;--divider-element-spacing:10px;--divider-pattern-height:24px;--divider-pattern-size:20px;--divider-pattern-url:none;--divider-pattern-repeat:repeat-x}.elementor-widget-divider .elementor-divider{display:flex}.elementor-widget-divider .elementor-divider__text{font-size:15px;line-height:1;max-width:95%}.elementor-widget-divider .elementor-divider__element{margin:0 var(--divider-element-spacing);flex-shrink:0}.elementor-widget-divider .elementor-icon{font-size:var(--divider-icon-size)}.elementor-widget-divider .elementor-divider-separator{display:flex;margin:0;direction:ltr}.elementor-widget-divider--view-line_icon .elementor-divider-separator,.elementor-widget-divider--view-line_text .elementor-divider-separator{align-items:center}.elementor-widget-divider--view-line_icon .elementor-divider-separator:after,.elementor-widget-divider--view-line_icon .elementor-divider-separator:before,.elementor-widget-divider--view-line_text .elementor-divider-separator:after,.elementor-widget-divider--view-line_text .elementor-divider-separator:before{display:block;content:\"\";border-bottom:0;flex-grow:1;border-top:var(--divider-border-width) var(--divider-border-style) var(--divider-color)}.elementor-widget-divider--element-align-left .elementor-divider .elementor-divider-separator>.elementor-divider__svg:first-of-type{flex-grow:0;flex-shrink:100}.elementor-widget-divider--element-align-left .elementor-divider-separator:before{content:none}.elementor-widget-divider--element-align-left .elementor-divider__element{margin-left:0}.elementor-widget-divider--element-align-right .elementor-divider .elementor-divider-separator>.elementor-divider__svg:last-of-type{flex-grow:0;flex-shrink:100}.elementor-widget-divider--element-align-right .elementor-divider-separator:after{content:none}.elementor-widget-divider--element-align-right .elementor-divider__element{margin-right:0}.elementor-widget-divider:not(.elementor-widget-divider--view-line_text):not(.elementor-widget-divider--view-line_icon) .elementor-divider-separator{border-top:var(--divider-border-width) var(--divider-border-style) var(--divider-color)}.elementor-widget-divider--separator-type-pattern{--divider-border-style:none}.elementor-widget-divider--separator-type-pattern.elementor-widget-divider--view-line .elementor-divider-separator,.elementor-widget-divider--separator-type-pattern:not(.elementor-widget-divider--view-line) .elementor-divider-separator:after,.elementor-widget-divider--separator-type-pattern:not(.elementor-widget-divider--view-line) .elementor-divider-separator:before,.elementor-widget-divider--separator-type-pattern:not([class*=elementor-widget-divider--view]) .elementor-divider-separator{width:100%;min-height:var(--divider-pattern-height);-webkit-mask-size:var(--divider-pattern-size) 100%;mask-size:var(--divider-pattern-size) 100%;-webkit-mask-repeat:var(--divider-pattern-repeat);mask-repeat:var(--divider-pattern-repeat);background-color:var(--divider-color);-webkit-mask-image:var(--divider-pattern-url);mask-image:var(--divider-pattern-url)}.elementor-widget-divider--no-spacing{--divider-pattern-size:auto}.elementor-widget-divider--bg-round{--divider-pattern-repeat:round}.rtl .elementor-widget-divider .elementor-divider__text{direction:rtl}.e-con-inner>.elementor-widget-divider,.e-con>.elementor-widget-divider{width:var(--container-widget-width,100%);--flex-grow:var(--container-widget-flex-grow)}<\/style>\t\t<div class=\"elementor-divider\" style=\"--divider-pattern-url: url(&quot;data:image\/svg+xml,%3Csvg xmlns=&#039;http:\/\/www.w3.org\/2000\/svg&#039; preserveAspectRatio=&#039;none&#039; overflow=&#039;visible&#039; height=&#039;100%&#039; viewBox=&#039;0 0 24 24&#039; fill=&#039;black&#039; stroke=&#039;none&#039;%3E%3Cpath d=&#039;M24,8v12H0V8H24z M24,4v1H0V4H24z&#039;\/%3E%3C\/svg%3E&quot;);\">\n\t\t\t<span class=\"elementor-divider-separator\">\n\t\t\t\t\t\t<\/span>\n\t\t<\/div>\n\t\t\t\t<\/div>\n\t\t\t\t<\/div>\n\t\t\t\t<\/div>\n\t\t<div class=\"elementor-element elementor-element-5b206ad e-con-full e-flex e-con\" data-id=\"5b206ad\" data-element_type=\"container\" data-settings=\"{&quot;content_width&quot;:&quot;full&quot;}\">\n\t\t<div class=\"elementor-element elementor-element-cd7988f e-con-full e-flex e-con\" data-id=\"cd7988f\" data-element_type=\"container\" data-settings=\"{&quot;content_width&quot;:&quot;full&quot;}\">\n\t\t\t\t<div class=\"elementor-element elementor-element-5025078 elementor-widget elementor-widget-image\" data-id=\"5025078\" data-element_type=\"widget\" data-widget_type=\"image.default\">\n\t\t\t\t<div class=\"elementor-widget-container\">\n\t\t\t\t\t\t\t\t\t\t\t\t\t\t\t<img decoding=\"async\" width=\"1111\" height=\"1080\" src=\"https:\/\/ibavancar.com\/wp-content\/uploads\/2023\/07\/Reforco-escolar-D-D.jpeg\" class=\"attachment-full size-full wp-image-3035\" alt=\"\" loading=\"lazy\" srcset=\"https:\/\/ibavancar.com\/wp-content\/uploads\/2023\/07\/Reforco-escolar-D-D.jpeg 1111w, https:\/\/ibavancar.com\/wp-content\/uploads\/2023\/07\/Reforco-escolar-D-D-300x292.jpeg 300w, https:\/\/ibavancar.com\/wp-content\/uploads\/2023\/07\/Reforco-escolar-D-D-1024x995.jpeg 1024w, https:\/\/ibavancar.com\/wp-content\/uploads\/2023\/07\/Reforco-escolar-D-D-768x747.jpeg 768w, https:\/\/ibavancar.com\/wp-content\/uploads\/2023\/07\/Reforco-escolar-D-D-200x194.jpeg 200w\" sizes=\"(max-width: 1111px) 100vw, 1111px\" \/>\t\t\t\t\t\t\t\t\t\t\t\t\t\t\t<\/div>\n\t\t\t\t<\/div>\n\t\t\t\t<\/div>\n\t\t\t\t<div class=\"elementor-element elementor-element-97c112e elementor-widget-divider--separator-type-pattern elementor-widget-divider--no-spacing elementor-widget-divider--view-line elementor-widget elementor-widget-divider\" data-id=\"97c112e\" data-element_type=\"widget\" data-widget_type=\"divider.default\">\n\t\t\t\t<div class=\"elementor-widget-container\">\n\t\t\t\t\t<div class=\"elementor-divider\" style=\"--divider-pattern-url: url(&quot;data:image\/svg+xml,%3Csvg xmlns=&#039;http:\/\/www.w3.org\/2000\/svg&#039; preserveAspectRatio=&#039;none&#039; overflow=&#039;visible&#039; height=&#039;100%&#039; viewBox=&#039;0 0 24 24&#039; fill=&#039;black&#039; stroke=&#039;none&#039;%3E%3Cpath d=&#039;M24,8v12H0V8H24z M24,4v1H0V4H24z&#039;\/%3E%3C\/svg%3E&quot;);\">\n\t\t\t<span class=\"elementor-divider-separator\">\n\t\t\t\t\t\t<\/span>\n\t\t<\/div>\n\t\t\t\t<\/div>\n\t\t\t\t<\/div>\n\t\t\t\t<div class=\"elementor-element elementor-element-51c8b88 elementor-widget elementor-widget-image\" data-id=\"51c8b88\" data-element_type=\"widget\" data-widget_type=\"image.default\">\n\t\t\t\t<div class=\"elementor-widget-container\">\n\t\t\t\t\t\t\t\t\t\t\t\t\t\t\t<img decoding=\"async\" width=\"1600\" height=\"901\" src=\"https:\/\/ibavancar.com\/wp-content\/uploads\/2023\/07\/ISPEAK.jpeg\" class=\"attachment-full size-full wp-image-3966\" alt=\"\" loading=\"lazy\" srcset=\"https:\/\/ibavancar.com\/wp-content\/uploads\/2023\/07\/ISPEAK.jpeg 1600w, https:\/\/ibavancar.com\/wp-content\/uploads\/2023\/07\/ISPEAK-300x169.jpeg 300w, https:\/\/ibavancar.com\/wp-content\/uploads\/2023\/07\/ISPEAK-1024x577.jpeg 1024w, https:\/\/ibavancar.com\/wp-content\/uploads\/2023\/07\/ISPEAK-768x432.jpeg 768w, https:\/\/ibavancar.com\/wp-content\/uploads\/2023\/07\/ISPEAK-1536x865.jpeg 1536w, https:\/\/ibavancar.com\/wp-content\/uploads\/2023\/07\/ISPEAK-200x113.jpeg 200w\" sizes=\"(max-width: 1600px) 100vw, 1600px\" \/>\t\t\t\t\t\t\t\t\t\t\t\t\t\t\t<\/div>\n\t\t\t\t<\/div>\n\t\t\t\t<\/div>\n\t\t<div class=\"elementor-element elementor-element-49dd1bf e-con-boxed e-flex e-con\" data-id=\"49dd1bf\" data-element_type=\"container\" data-settings=\"{&quot;content_width&quot;:&quot;boxed&quot;}\">\n\t\t\t\t\t<div class=\"e-con-inner\">\n\t\t\t\t<div class=\"elementor-element elementor-element-f8fac59 elementor-widget elementor-widget-heading\" data-id=\"f8fac59\" data-element_type=\"widget\" data-widget_type=\"heading.default\">\n\t\t\t\t<div class=\"elementor-widget-container\">\n\t\t\t<style>\/*! elementor - v3.13.3 - 22-05-2023 *\/\n.elementor-heading-title{padding:0;margin:0;line-height:1}.elementor-widget-heading .elementor-heading-title[class*=elementor-size-]>a{color:inherit;font-size:inherit;line-height:inherit}.elementor-widget-heading .elementor-heading-title.elementor-size-small{font-size:15px}.elementor-widget-heading .elementor-heading-title.elementor-size-medium{font-size:19px}.elementor-widget-heading .elementor-heading-title.elementor-size-large{font-size:29px}.elementor-widget-heading .elementor-heading-title.elementor-size-xl{font-size:39px}.elementor-widget-heading .elementor-heading-title.elementor-size-xxl{font-size:59px}<\/style><h2 class=\"elementor-heading-title elementor-size-default\">Os produtos e servi\u00e7os divulgados nesta p\u00e1gina, s\u00e3o de responsabilidades de cada empreendedor, a Igreja Batista Avan\u00e7ar s\u00f3 oferece o espa\u00e7o para divulga\u00e7\u00e3o<\/h2>\t\t<\/div>\n\t\t\t\t<\/div>\n\t\t\t\t\t<\/div>\n\t\t\t\t<\/div>\n\t\t\t\t\t\t\t<\/div>\n\t\t","protected":false},"excerpt":{"rendered":"<p>Os produtos e servi\u00e7os divulgados nesta p\u00e1gina, s\u00e3o de responsabilidades de cada empreendedor, a Igreja Batista Avan\u00e7ar s\u00f3 oferece o espa\u00e7o para divulga\u00e7\u00e3o<\/p>\n","protected":false},"author":1,"featured_media":0,"parent":0,"menu_order":0,"comment_status":"closed","ping_status":"closed","template":"","meta":[],"bairros":[],"_links":{"self":[{"href":"https:\/\/ibavancar.com\/index.php\/wp-json\/wp\/v2\/pages\/3011"}],"collection":[{"href":"https:\/\/ibavancar.com\/index.php\/wp-json\/wp\/v2\/pages"}],"about":[{"href":"https:\/\/ibavancar.com\/index.php\/wp-json\/wp\/v2\/types\/page"}],"author":[{"embeddable":true,"href":"https:\/\/ibavancar.com\/index.php\/wp-json\/wp\/v2\/users\/1"}],"replies":[{"embeddable":true,"href":"https:\/\/ibavancar.com\/index.php\/wp-json\/wp\/v2\/comments?post=3011"}],"version-history":[{"count":188,"href":"https:\/\/ibavancar.com\/index.php\/wp-json\/wp\/v2\/pages\/3011\/revisions"}],"predecessor-version":[{"id":3969,"href":"https:\/\/ibavancar.com\/index.php\/wp-json\/wp\/v2\/pages\/3011\/revisions\/3969"}],"wp:attachment":[{"href":"https:\/\/ibavancar.com\/index.php\/wp-json\/wp\/v2\/media?parent=3011"}],"wp:term":[{"taxonomy":"bairros","embeddable":true,"href":"https:\/\/ibavancar.com\/index.php\/wp-json\/wp\/v2\/bairros?post=3011"}],"curies":[{"name":"wp","href":"https:\/\/api.w.org\/{rel}","templated":true}]}}