{"id":3094,"date":"2023-07-01T10:08:37","date_gmt":"2023-07-01T13:08:37","guid":{"rendered":"https:\/\/ibavancar.com\/?page_id=3094"},"modified":"2023-07-18T14:21:17","modified_gmt":"2023-07-18T17:21:17","slug":"vestuario","status":"publish","type":"page","link":"https:\/\/ibavancar.com\/index.php\/vestuario\/","title":{"rendered":"Vestu\u00e1rio"},"content":{"rendered":"\t\t<div data-elementor-type=\"wp-page\" data-elementor-id=\"3094\" class=\"elementor elementor-3094\">\n\t\t\t\t\t\t\t<div class=\"elementor-element elementor-element-51ba591 e-con-full e-flex e-con\" data-id=\"51ba591\" data-element_type=\"container\" data-settings=\"{&quot;content_width&quot;:&quot;full&quot;}\">\n\t\t\t\t<\/div>\n\t\t<div class=\"elementor-element elementor-element-b4add1f e-con-boxed e-flex e-con\" data-id=\"b4add1f\" data-element_type=\"container\" data-settings=\"{&quot;content_width&quot;:&quot;boxed&quot;}\">\n\t\t\t\t\t<div class=\"e-con-inner\">\n\t\t\t\t<div class=\"elementor-element elementor-element-e2249ce elementor-widget elementor-widget-image\" data-id=\"e2249ce\" data-element_type=\"widget\" data-widget_type=\"image.default\">\n\t\t\t\t<div class=\"elementor-widget-container\">\n\t\t\t<style>\/*! elementor - v3.13.3 - 22-05-2023 *\/\n.elementor-widget-image{text-align:center}.elementor-widget-image a{display:inline-block}.elementor-widget-image a img[src$=\".svg\"]{width:48px}.elementor-widget-image img{vertical-align:middle;display:inline-block}<\/style>\t\t\t\t\t\t\t\t\t\t\t\t<img decoding=\"async\" width=\"597\" height=\"597\" src=\"https:\/\/ibavancar.com\/wp-content\/uploads\/2023\/07\/Joge-1.jpg\" class=\"attachment-full size-full wp-image-3302\" alt=\"\" loading=\"lazy\" srcset=\"https:\/\/ibavancar.com\/wp-content\/uploads\/2023\/07\/Joge-1.jpg 597w, https:\/\/ibavancar.com\/wp-content\/uploads\/2023\/07\/Joge-1-300x300.jpg 300w, https:\/\/ibavancar.com\/wp-content\/uploads\/2023\/07\/Joge-1-150x150.jpg 150w, https:\/\/ibavancar.com\/wp-content\/uploads\/2023\/07\/Joge-1-250x250.jpg 250w, https:\/\/ibavancar.com\/wp-content\/uploads\/2023\/07\/Joge-1-200x200.jpg 200w\" sizes=\"(max-width: 597px) 100vw, 597px\" \/>\t\t\t\t\t\t\t\t\t\t\t\t\t\t\t<\/div>\n\t\t\t\t<\/div>\n\t\t\t\t\t<\/div>\n\t\t\t\t<\/div>\n\t\t<div class=\"elementor-element elementor-element-49dd1bf e-con-boxed e-flex e-con\" data-id=\"49dd1bf\" data-element_type=\"container\" data-settings=\"{&quot;content_width&quot;:&quot;boxed&quot;}\">\n\t\t\t\t\t<div class=\"e-con-inner\">\n\t\t\t\t<div class=\"elementor-element elementor-element-f8fac59 elementor-widget elementor-widget-heading\" data-id=\"f8fac59\" data-element_type=\"widget\" data-widget_type=\"heading.default\">\n\t\t\t\t<div class=\"elementor-widget-container\">\n\t\t\t<style>\/*! elementor - v3.13.3 - 22-05-2023 *\/\n.elementor-heading-title{padding:0;margin:0;line-height:1}.elementor-widget-heading .elementor-heading-title[class*=elementor-size-]>a{color:inherit;font-size:inherit;line-height:inherit}.elementor-widget-heading .elementor-heading-title.elementor-size-small{font-size:15px}.elementor-widget-heading .elementor-heading-title.elementor-size-medium{font-size:19px}.elementor-widget-heading .elementor-heading-title.elementor-size-large{font-size:29px}.elementor-widget-heading .elementor-heading-title.elementor-size-xl{font-size:39px}.elementor-widget-heading .elementor-heading-title.elementor-size-xxl{font-size:59px}<\/style><h2 class=\"elementor-heading-title elementor-size-default\">Os produtos e servi\u00e7os divulgados nesta p\u00e1gina, s\u00e3o de responsabilidades de cada empreendedor, a Igreja Batista Avan\u00e7ar s\u00f3 oferece o espa\u00e7o para divulga\u00e7\u00e3o<\/h2>\t\t<\/div>\n\t\t\t\t<\/div>\n\t\t\t\t\t<\/div>\n\t\t\t\t<\/div>\n\t\t\t\t\t\t\t<\/div>\n\t\t","protected":false},"excerpt":{"rendered":"<p>Os produtos e servi\u00e7os divulgados nesta p\u00e1gina, s\u00e3o de responsabilidades de cada empreendedor, a Igreja Batista Avan\u00e7ar s\u00f3 oferece o espa\u00e7o para divulga\u00e7\u00e3o<\/p>\n","protected":false},"author":1,"featured_media":0,"parent":0,"menu_order":0,"comment_status":"closed","ping_status":"closed","template":"","meta":[],"bairros":[],"_links":{"self":[{"href":"https:\/\/ibavancar.com\/index.php\/wp-json\/wp\/v2\/pages\/3094"}],"collection":[{"href":"https:\/\/ibavancar.com\/index.php\/wp-json\/wp\/v2\/pages"}],"about":[{"href":"https:\/\/ibavancar.com\/index.php\/wp-json\/wp\/v2\/types\/page"}],"author":[{"embeddable":true,"href":"https:\/\/ibavancar.com\/index.php\/wp-json\/wp\/v2\/users\/1"}],"replies":[{"embeddable":true,"href":"https:\/\/ibavancar.com\/index.php\/wp-json\/wp\/v2\/comments?post=3094"}],"version-history":[{"count":46,"href":"https:\/\/ibavancar.com\/index.php\/wp-json\/wp\/v2\/pages\/3094\/revisions"}],"predecessor-version":[{"id":3964,"href":"https:\/\/ibavancar.com\/index.php\/wp-json\/wp\/v2\/pages\/3094\/revisions\/3964"}],"wp:attachment":[{"href":"https:\/\/ibavancar.com\/index.php\/wp-json\/wp\/v2\/media?parent=3094"}],"wp:term":[{"taxonomy":"bairros","embeddable":true,"href":"https:\/\/ibavancar.com\/index.php\/wp-json\/wp\/v2\/bairros?post=3094"}],"curies":[{"name":"wp","href":"https:\/\/api.w.org\/{rel}","templated":true}]}}